{"id":8995,"date":"2020-06-22T22:16:23","date_gmt":"2020-06-22T22:16:23","guid":{"rendered":"https:\/\/www.sanserif.es\/condiciones-de-venta\/"},"modified":"2020-06-23T11:19:55","modified_gmt":"2020-06-23T11:19:55","slug":"terms-of-sale","status":"publish","type":"page","link":"https:\/\/www.sanserif.es\/en\/terms-of-sale\/","title":{"rendered":"TERMS OF SALE"},"content":{"rendered":"<p>DISPONIBILIDAD DEL SERVICIO<\/p>\n<p>Los art\u00edculos que se ofrecen a trav\u00e9s de esta p\u00e1gina web est\u00e1n disponibles para su env\u00edo a territorio espa\u00f1ol.<\/p>\n<p><\/br>C\u00d3MO SE FORMALIZA EL CONTRATO<\/p>\n<p>La informaci\u00f3n contenida en las presentes Condiciones y los detalles contenidos en esta p\u00e1gina web no constituyen una oferta de venta, sino una invitaci\u00f3n para contratar. No existir\u00e1 ning\u00fan contrato entre usted y nosotros en relaci\u00f3n con ning\u00fan producto hasta que su pedido haya sido expresamente aceptado por nosotros. Si su oferta no es aceptada y ya se hubiese realizado alg\u00fan cargo en su cuenta, el importe del mismo le ser\u00e1 reintegrado en su totalidad.<\/p>\n<p>Para realizar un pedido, deber\u00e1 seguir el procedimiento de compra online y hacer clic en \u00abAutorizar pago\u00bb. Tras esto, recibir\u00e1 un correo electr\u00f3nico acusando recibo de su pedido (la \u00abConfirmaci\u00f3n de Pedido\u00bb). Tenga en cuenta que esto no significa que su pedido haya sido aceptado, ya que el mismo constituye una oferta que usted nos hace a nosotros para comprar uno o m\u00e1s productos. Todos los pedidos est\u00e1n sujetos a nuestra aceptaci\u00f3n, de la que ser\u00e1 informado a trav\u00e9s de un correo electr\u00f3nico en el que le confirmaremos que el producto est\u00e1 siendo enviado (la \u00abConfirmaci\u00f3n de Env\u00edo\u00bb). El contrato para la compra de un producto entre usted y nosotros (el \u00abContrato\u00bb) quedar\u00e1 formalizado \u00fanicamente cuando le enviemos la Confirmaci\u00f3n de Env\u00edo.<\/p>\n<p>Ser\u00e1n objeto del Contrato \u00fanicamente aquellos productos relacionados en la Confirmaci\u00f3n de Env\u00edo. No estaremos obligados a suministrarle ning\u00fan otro producto que pudiera haber sido objeto de pedido hasta que le confirmemos el env\u00edo del mismo en una Confirmaci\u00f3n de Env\u00edo.<\/p>\n<p><\/br>DISPONIBILIDAD DE LOS PRODUCTOS<\/p>\n<p>Todos los pedidos de productos est\u00e1n sujetos a la disponibilidad de los mismos. En este sentido, si se producen dificultades en cuanto al suministro de productos o si no quedan art\u00edculos en stock, nos reservamos el derecho de facilitarle informaci\u00f3n acerca los nuevos plazos de entrega o de productos sustitutivos de calidad y valor igual o superior que usted podr\u00e1 encargar. Si no desea hacer un pedido de esos productos sustitutivos, le reembolsaremos cualquier cantidad que pudiera usted haber abonado.<\/p>\n<p><\/br>NEGATIVA A TRAMITAR UN PEDIDO<\/p>\n<p>Nos reservamos el derecho de retirar cualquier producto de esta p\u00e1gina web en cualquier momento y de quitar o modificar cualquier material o contenido de la misma. Aunque haremos lo posible para tramitar siempre todos los pedidos, puede haber circunstancias excepcionales que nos obliguen a rechazar la tramitaci\u00f3n de alg\u00fan pedido despu\u00e9s de haber enviado la Confirmaci\u00f3n de Pedido, por lo que nos reservamos el derecho a hacerlo en cualquier momento.<\/p>\n<p>No seremos responsables frente a usted o frente a cualquier tercero por el hecho de retirar cualquier producto de esta p\u00e1gina web, quitar o modificar cualquier material o contenido de la p\u00e1gina web, o por no tramitar un pedido una vez que le hayamos enviado la Confirmaci\u00f3n de Pedido.<\/p>\n<p><\/br>ENTREGA<\/p>\n<p>Sin perjuicio de lo establecido en la cl\u00e1usula DISPONIBILIDAD DE LOS PRODUCTOS\u00a0y salvo que se produzcan circunstancias extraordinarias, intentaremos enviar el pedido consistente en los producto\/s relacionados en cada Confirmaci\u00f3n de Env\u00edo antes de la fecha de entrega que figura en la Confirmaci\u00f3n de Env\u00edo en cuesti\u00f3n o bien, si no se especificase ninguna fecha de entrega, en el plazo estimado indicado al seleccionar el m\u00e9todo de env\u00edo y, en todo caso, en el plazo m\u00e1ximo de 30 d\u00edas a contar desde la fecha de la Confirmaci\u00f3n de Pedido.<\/p>\n<p>No obstante, podr\u00edan producirse retrasos por razones tales como la personalizaci\u00f3n de los productos, el acaecimiento de circunstancias imprevistas o la zona de entrega.<\/p>\n<p>Si por alg\u00fan motivo no pudi\u00e9semos cumplir con la fecha de entrega, le informaremos de esta circunstancia y le daremos la opci\u00f3n de seguir adelante con la compra estableciendo una nueva fecha de entrega o bien anular el pedido con el reembolso total del precio pagado. Tenga en cuenta, en cualquier caso, que no realizamos entregas a domicilio los s\u00e1bados ni los domingos ni d\u00edas festivos.<\/p>\n<p>Si ha comprado m\u00e1s de un art\u00edculo, las mercanc\u00edas podr\u00e1n ser enviadas individualmente, una vez que est\u00e9n disponibles para su env\u00edo y llegar en momentos distintos.<\/p>\n<p>A efectos de las presentes Condiciones, se entender\u00e1 que se ha producido la \u00abentrega\u00bb o que el pedido ha sido \u00abentregado\u00bb en el momento en el que usted o un tercero indicado por usted adquiera la posesi\u00f3n material de los productos, lo que se acreditar\u00e1 mediante la firma de la recepci\u00f3n del pedido en la direcci\u00f3n de entrega convenida.<\/p>\n<p><\/br>IMPOSIBILIDAD DE ENTREGA<\/p>\n<p>El env\u00edo del pedido se efectuar\u00e1 en la direcci\u00f3n de entrega que figure en su formulario de datos personales. Usted se compromete a que usted u otra persona designada se encuentren en el domicilio indicado para recibir el paquete. Si no va a estar en el lugar de entrega, le rogamos que se ponga en contacto con nosotros para convenir la entrega en otro lugar.<\/p>\n<p>En caso de no estar la primera vez, el transportista insistir\u00e1 varias veces. Si a\u00fan no se pudiera entregar el pedido, entenderemos que desea desistir del Contrato y lo consideraremos resuelto. Como consecuencia de la resoluci\u00f3n del Contrato, le devolveremos todos los pagos recibidos de usted, a excepci\u00f3n de los gastos de env\u00edo sin ninguna demora indebida y, en cualquier caso, en el plazo m\u00e1ximo de 14 d\u00edas desde la fecha en que consideremos resuelto el Contrato.<\/p>\n<p>Por favor, tenga en cuenta que deber\u00e1 asumir el coste adicional del transporte derivado de la resoluci\u00f3n del Contrato, por lo que estaremos autorizados a repercutirle los costes correspondientes a la devoluci\u00f3n.<\/p>\n<p><\/br>TRANSMISI\u00d3N DEL RIESGO Y LA PROPIEDAD<\/p>\n<p>Los riesgos de los productos ser\u00e1n a su cargo a partir del momento de su entrega.<\/p>\n<p>Usted adquirir\u00e1 la propiedad de los productos cuando recibamos el pago completo de todas las cantidades debidas en relaci\u00f3n con los mismos, incluidos los gastos de env\u00edo, o bien en el momento de la entrega (seg\u00fan la definici\u00f3n contenida en la cl\u00e1usula ENTREGA), si \u00e9sta tuviese lugar en un momento posterior.<\/p>\n<p><\/br>PRECIO Y PAGO<\/p>\n<p>El precio de los productos ser\u00e1 el que se estipule en cada momento en nuestra p\u00e1gina web, salvo en caso de error manifiesto. A pesar de que intentamos asegurarnos de que todos los precios que figuran en la p\u00e1gina son correctos, pueden producirse errores. Si descubri\u00e9semos un error en el precio de alguno de los productos que usted ha encargado, le informaremos lo antes posible y le daremos la opci\u00f3n de reconfirmar su pedido al precio correcto o bien anularlo. Si no logramos ponernos en contacto con usted, el pedido se considerar\u00e1 cancelado y se le reembolsar\u00e1n \u00edntegramente las cantidades que hubiesen sido abonadas.<\/p>\n<p>No estaremos obligados a suministrarle ning\u00fan producto al precio inferior incorrecto (incluso aunque le hayamos enviado la Confirmaci\u00f3n de Env\u00edo) si el error en el precio es obvio e inequ\u00edvoco y hubiera podido ser reconocido de forma razonable por usted como precio incorrecto.<\/p>\n<p>Los precios de la p\u00e1gina web incluyen IVA, pero excluyen los gastos de env\u00edo. Los gastos de servicio del env\u00edo corren por cuenta de usted y se a\u00f1adir\u00e1n al total del importe de los productos seleccionados. Se le informar\u00e1 de dichos gastos antes de confirmar el pedido y finalizar el proceso de contrataci\u00f3n.<\/p>\n<p>Los precios pueden cambiar en cualquier momento, pero (salvo en lo establecido anteriormente) los posibles cambios no afectar\u00e1n a los pedidos con respecto a los que ya le hayamos enviado una Confirmaci\u00f3n de Pedido.<\/p>\n<p>Una vez que haya seleccionado todos los art\u00edculos que desea comprar, estos se habr\u00e1n a\u00f1adido a su cesta y el paso siguiente ser\u00e1 tramitar el pedido y efectuar el pago. Para ello, deber\u00e1 seguir los pasos del proceso de compra, rellenando o comprobando la informaci\u00f3n que en cada paso se le solicita.<\/p>\n<p>Asimismo, durante el proceso de compra, antes de realizar el pago, podr\u00e1 modificar los datos de su pedido. Dispone de una descripci\u00f3n detallada del proceso de compra en la Gu\u00eda de Compra. Adem\u00e1s, si es usted un usuario registrado, dispone de un detalle de todos los pedidos realizados en el apartado Mi Cuenta.<\/p>\n<p>Podr\u00e1 utilizar como medio de pago:<\/p>\n<ul>\n<li>Pago con tarjeta de cr\u00e9dito\/d\u00e9bito (no habilitado a\u00fan) o por Paypal (atendiendo a las condiciones del operador): Si opta por el pago con tarjeta, el pedido del Cliente no podr\u00e1 tenerse en cuenta y no ser\u00e1 tramitado hasta que el pago haya sido autorizado por su banco o caja. El pago en l\u00ednea con tarjeta de cr\u00e9dito se realiza a trav\u00e9s del sistema de seguridad \u00abSecure Socket Layer\u00bb, que codifica sus datos bancarios cuando son transmitidos por internet. Aceptamos tarjetas de Visa y MasterCard dadas de alta en el sistema de pago seguro Verified by Visa. Las tarjetas de cr\u00e9dito estar\u00e1n sujetas a comprobaciones y autorizaciones por parte de la entidad emisora de las mismas, pero si dicha entidad no autorizase el pago, no nos haremos responsables por ning\u00fan retraso o falta de entrega y no podremos formalizar ning\u00fan Contrato con usted.<\/li>\n<li>Pago por transferencia bancaria: tan pronto tengamos constancia de la recepci\u00f3n de la transferencia, procederemos al procesamiento del pedido.<\/li>\n<li>Pago por PayPal<\/li>\n<\/ul>\n<p><\/br>COMPRA COMO INVITADO<\/p>\n<p>Esta p\u00e1gina web tambi\u00e9n permite la compra a trav\u00e9s de la funcionalidad de compra como invitado. En esta modalidad de compra, se le solicitar\u00e1n \u00fanicamente los datos imprescindibles para poder tramitar su pedido. Una vez finalizado el proceso de compra, se le ofrecer\u00e1 la posibilidad de registrarse como usuario o continuar como usuario no registrado.<\/p>\n<p><\/br>IMPUESTO SOBRE EL VALOR A\u00d1ADIDO<\/p>\n<p>De conformidad con lo dispuesto en el art\u00edculo 68 de la Ley 37\/1992, de 28 de diciembre, del Impuesto sobre el Valor A\u00f1adido, la entrega de los art\u00edculos se entender\u00e1 localizada en el territorio de aplicaci\u00f3n del IVA espa\u00f1ol si la direcci\u00f3n de entrega est\u00e1 en territorio espa\u00f1ol salvo Canarias, Ceuta y Melilla. El tipo de IVA aplicable ser\u00e1 el legalmente vigente en cada momento en funci\u00f3n del art\u00edculo concreto de que se trate.<\/p>\n<p>En los pedidos con destino a Canarias, Ceuta y Melilla, las entregas se encontrar\u00e1n exentas de IVA por aplicaci\u00f3n de lo dispuesto en el art\u00edculo 21 de Ley 37\/1992, sin perjuicio de la aplicaci\u00f3n de los impuestos y aranceles correspondientes conforme a la normativa vigente en cada uno de estos territorios.<\/p>\n<p><\/br>POL\u00cdTICA DE DEVOLUCIONES<\/p>\n<p>1 Derecho legal a desistir de la compra<\/p>\n<p>Derecho de desistimiento<\/p>\n<p>Si usted est\u00e1 contratando como consumidor y usuario, tiene usted derecho a desistir del presente Contrato en un plazo de 14 d\u00edas naturales sin necesidad de justificaci\u00f3n.<\/p>\n<p>El plazo de desistimiento expirar\u00e1 a los 14 d\u00edas naturales del d\u00eda que usted o un tercero por usted indicado, distinto del transportista, adquiri\u00f3 la posesi\u00f3n material de los bienes o en caso de que los bienes que componen su pedido se entreguen por separado, a los 14 d\u00edas naturales del d\u00eda que usted o un tercero por usted indicado, distinto del transportista, adquiri\u00f3 la posesi\u00f3n material del \u00faltimo de esos bienes.<\/p>\n<p>Toda devoluci\u00f3n deber\u00e1 ser autorizada por nosotros. Para la obtenci\u00f3n de tal autorizaci\u00f3n y ejercer el derecho de desistimiento, deber\u00e1 usted notificarnos a Sanserif.es a la direcci\u00f3n C\/Milagrosa, 22 bajo izq.Valencia (Espa\u00f1a), al tel\u00e9fono del Servicio de Atenci\u00f3n al Cliente o escribi\u00e9ndonos al correo electr\u00f3nico\u00a0info@sanserif.es, su decisi\u00f3n de desistir del Contrato a trav\u00e9s de una declaraci\u00f3n inequ\u00edvoca indicando el n\u00famero de pedido (por ejemplo, una carta enviada por correo postal o electr\u00f3nico).<\/p>\n<p>Para cumplir el plazo de desistimiento, basta con que la comunicaci\u00f3n relativa al ejercicio por su parte de este derecho sea enviada antes de que venza el plazo correspondiente.<\/p>\n<p>Consecuencias del desistimiento<\/p>\n<p>En caso de desistimiento por su parte, le devolveremos todos los pagos recibidos de usted a excepci\u00f3n de los gastos de entrega (siempre y cuando el derecho de desistimiento se ejercite dentro del plazo legal y se devuelvan todos los art\u00edculos que componen el pedido en cuesti\u00f3n).<\/p>\n<p>Su derecho a desistir del Contrato ser\u00e1 de aplicaci\u00f3n exclusivamente a aquellos productos que se devuelvan en las mismas condiciones en que usted los recibi\u00f3. No se har\u00e1 ning\u00fan reembolso si el producto ha sido usado m\u00e1s all\u00e1 de la mera apertura del mismo, de productos que no est\u00e9n en las mismas condiciones en las que se entregaron o que hayan sufrido alg\u00fan da\u00f1o, por lo que deber\u00e1 ser cuidadoso con el\/los producto\/s mientras est\u00e9n en su posesi\u00f3n. Por favor, devuelva el art\u00edculo usando o incluyendo todos sus envoltorios originales, las instrucciones y dem\u00e1s documentos que en su caso lo acompa\u00f1en.<\/p>\n<p>Solo ser\u00e1 usted responsable de la disminuci\u00f3n de valor de los bienes resultante de una manipulaci\u00f3n distinta a la necesaria para establecer la naturaleza, las caracter\u00edsticas y el funcionamiento de los bienes. Por motivos de higiene, en aquellos productos de uso \u00edntimo o de protecci\u00f3n que se puedan presentar \u2013mascarillas, ropa \u00edntima\u2026- \u00a0no es posible la devoluci\u00f3n si no hay garant\u00edas de que el producto no ha sido manipulado.<\/p>\n<p>Tras examinar el art\u00edculo devuelto le comunicaremos si tiene derecho al reembolso de las cantidades abonadas. El reembolso se efectuar\u00e1 lo antes posible (una vez recibidos los bienes) y, en cualquier caso, dentro del plazo de 14 d\u00edas desde la fecha en que usted nos comunic\u00f3 su intenci\u00f3n de desistir. El reembolso se efectuar\u00e1 siempre en el mismo medio de pago que usted utiliz\u00f3 para pagar la compra.<\/p>\n<p>Deber\u00e1 usted asumir el coste directo de devoluci\u00f3n de los bienes.<\/p>\n<p>Si tienen alguna duda, puede ponerse en contacto con nosotros a trav\u00e9s de nuestro email info@sanserif.es o llamando al tel\u00e9fono del Servicio de Atenci\u00f3n al Cliente.<\/p>\n<ol start=\"2\">\n<li>Devoluciones en Canarias, Ceuta y Melilla y fuera de Espa\u00f1a<\/li>\n<\/ol>\n<p>Si desea cambiar o devolver un producto que hubiese sido entregado en Canarias, Ceuta o Melilla, deber\u00e1 ponerse en contacto con nuestro Servicio de Atenci\u00f3n al Cliente para convenir con nosotros o alg\u00fan representante nuestro la recogida del producto por un mensajero o bien realizar la devoluci\u00f3n a su propio coste.<\/p>\n<p>No nos hacemos cargo de los impuestos arancelarios incurridos al devolver art\u00edculos desde destinos internacionales. Los env\u00edos deben categorizarse en la oficina postal o empresa de transporte como \u00abArt\u00edculos devueltos en garant\u00eda\u00bb.<\/p>\n<ol start=\"3\">\n<li>Devoluciones de productos da\u00f1ados, defectuosos o que no corresponden con los del pedido<\/li>\n<\/ol>\n<p>En los casos en que usted considere que en el momento de la entrega el producto no se ajusta a lo estipulado en el Contrato, deber\u00e1 ponerse en contacto con nosotros de forma inmediata facilitando los datos del producto as\u00ed como del da\u00f1o o error que sufre, o bien por correo electr\u00f3nico o llamando por tel\u00e9fono donde le indicaremos la forma de proceder.<\/p>\n<p>Procederemos a examinar detenidamente el producto devuelto y le comunicaremos por e-mail dentro de un plazo razonable si procede el reembolso o la sustituci\u00f3n del mismo (en su caso). El reembolso o la sustituci\u00f3n del art\u00edculo se efectuar\u00e1 lo antes posible y, en cualquier caso, en un periodo no superior a las 4 semanas siguientes a la fecha en la que le enviemos un correo electr\u00f3nico confirmando que procede el reembolso o la sustituci\u00f3n del art\u00edculo no conforme.<\/p>\n<p>Las cantidades pagadas por aquellos productos que sean devueltos a causa de alguna tara o defecto, cuando realmente exista, le ser\u00e1n reembolsadas \u00edntegramente, incluidos los gastos de entrega incurridos para entregarle el art\u00edculo y los costes incurridos para devolv\u00e9rnoslo a nosotros. La devoluci\u00f3n se efectuar\u00e1 en el mismo medio de pago que se utiliz\u00f3 para pagar la compra.<\/p>\n<p>Quedan en todo caso a salvo los derechos reconocidos por la legislaci\u00f3n vigente.<\/p>\n<p><\/br>RESPONSABILIDAD Y EXONERACI\u00d3N DE RESPONSABILIDAD<\/p>\n<p>Salvo que expresamente se disponga lo contrario en las presentes Condiciones, nuestra responsabilidad en relaci\u00f3n con cualquier producto adquirido en nuestra p\u00e1gina web estar\u00e1 limitada estrictamente al precio de compra de dicho producto.<\/p>\n<p>No aceptaremos ninguna responsabilidad por las siguientes p\u00e9rdidas, con independencia de su origen:<\/p>\n<ul>\n<li>p\u00e9rdidas de ingresos o ventas:<\/li>\n<li>p\u00e9rdida de negocio;<\/li>\n<li>lucro cesante o p\u00e9rdida de contratos;<\/li>\n<li>p\u00e9rdida de ahorros previstos;<\/li>\n<li>p\u00e9rdida de datos; y<\/li>\n<li>p\u00e9rdida de tiempo de gesti\u00f3n o de horario de oficina<\/li>\n<\/ul>\n<p>Debido a la naturaleza abierta de esta p\u00e1gina web y a la posibilidad de que se produzcan errores en el almacenaje y transmisi\u00f3n de informaci\u00f3n digital, no garantizamos la precisi\u00f3n y seguridad de la informaci\u00f3n transmitida u obtenida por medio de esta p\u00e1gina web a no ser que se establezca expresamente lo contrario en la misma.<\/p>\n<p>Todas las descripciones de productos, informaciones y materiales que figuran en esta p\u00e1gina web se suministran \u00abcomo cuerpo cierto \u00bb y sin garant\u00edas expresas o impl\u00edcitas sobre los mismos salvo las establecidas legalmente. En este sentido, si usted contrata como consumidor y usuario, estamos obligados a entregarle art\u00edculos que sean conformes con el Contrato, respondiendo frente a usted de cualquier falta de conformidad que exista en el momento de la entrega del producto. Se entiende que los productos son conformes con el Contrato siempre que (i) se ajusten a la descripci\u00f3n realizada por nosotros y posean las cualidades que hayamos presentado en esta p\u00e1gina web, (ii) sean aptos para los usos a que ordinariamente se destinan los productos del mismo tipo y (iii) presenten la calidad y prestaciones habituales de un producto del mismo tipo que sean fundadamente esperables.<\/p>\n<p>Hacemos todo lo posible para garantizar que las descripciones y especificaciones de los productos sean precisas y correctas con el m\u00e1ximo de detalle posible. Prestamos gran atenci\u00f3n a la informaci\u00f3n relativa a las caracter\u00edsticas esenciales de los productos mediante descripciones t\u00e9cnicas propias y\/o procedentes de empresas colaboradoras y fabricantes, y de fotograf\u00edas que ilustran los productos. Hemos tomado las medidas para proporcionar im\u00e1genes lo m\u00e1s exactas posible del producto para la venta en el sitio web, sin embargo, debido a una serie de factores diferentes tales como navegadores de Internet, contraste del monitor en color, no nos hacemos responsables de cualquier diferencia del color entre la imagen y el producto real.<\/p>\n<p>Con el alcance que permita la ley, excluimos todas las garant\u00edas, salvo aqu\u00e9llas que no puedan ser leg\u00edtimamente excluidas frente a los consumidores y usuarios.<\/p>\n<p>Los productos que vendemos, a menudo pueden presentar las caracter\u00edsticas de los materiales que se utilizan en su fabricaci\u00f3n. Estas caracter\u00edsticas, tales como variaci\u00f3n en las vetas, en la textura, en los nudos y en el color, no tendr\u00e1n la consideraci\u00f3n de defectos o taras. Las caracter\u00edsticas naturales son inevitables y deben ser aceptadas como parte de la apariencia individual del producto.<\/p>\n<p>Lo dispuesto en la presente cl\u00e1usula no afectar\u00e1 a sus derechos como consumidor y usuario, ni a su derecho a desistir del Contrato.<\/p>\n<p><\/br>RENUNCIA<\/p>\n<p>La falta de requerimiento por nuestra parte del cumplimiento estricto por su parte de alguna de las obligaciones asumidas por usted en virtud de un Contrato o de las presentes Condiciones o la falta de ejercicio por nuestra parte de los derechos o acciones que nos pudiesen corresponder en virtud de dicho Contrato o de las Condiciones, no supondr\u00e1 renuncia ni limitaci\u00f3n alguna en relaci\u00f3n con dichos derechos o acciones ni le exonerar\u00e1 a usted de cumplir con tales obligaciones.<\/p>\n<p>Ninguna renuncia por nuestra parte a un derecho o acci\u00f3n concreto supondr\u00e1 una renuncia a otros derechos o acciones derivados del Contrato o de las Condiciones.<\/p>\n<p>Ninguna renuncia por nuestra parte a alguna de las presentes Condiciones o a los derechos o acciones derivados del Contrato surtir\u00e1 efecto, a no ser que se establezca expresamente que es una renuncia y se formalice y se le comunique a usted por escrito de conformidad con lo dispuesto en el apartado de Notificaciones anterior.<\/p>\n<p><\/br>NULIDAD PARCIAL<\/p>\n<p>Si alguna de las presentes Condiciones o alguna disposici\u00f3n de un Contrato fuesen declaradas nulas y sin efecto por resoluci\u00f3n firme dictada por autoridad competente, los restantes t\u00e9rminos y condiciones permanecer\u00e1n en vigor, sin que queden afectados por dicha declaraci\u00f3n de nulidad.<\/p>\n<p><\/br>ACUERDO COMPLETO<\/p>\n<p>Las presentes Condiciones y todo documento a que se haga referencia expresa en las mismas constituyen el acuerdo \u00edntegro existente entre usted y nosotros en relaci\u00f3n con el objeto de las mismas y sustituyen a cualquier otro pacto, acuerdo o promesa anterior convenida entre usted y nosotros verbalmente o por escrito.<\/p>\n<p>Usted y nosotros reconocemos haber consentido la celebraci\u00f3n del Contrato sin haber confiado en ninguna declaraci\u00f3n o promesa hecha por la otra parte o que pudiera inferirse de cualquier declaraci\u00f3n o escrito en las negociaciones entabladas por los dos antes de dicho Contrato, salvo aquello que figura expresamente mencionado en las presentes Condiciones.<\/p>\n<p>Ni usted ni nosotros dispondremos de acci\u00f3n frente a cualquier declaraci\u00f3n incierta realizada por la otra parte, verbal o escrita, con anterioridad a la fecha del Contrato (salvo que se hubiera hecho tal declaraci\u00f3n incierta de forma fraudulenta) y la \u00fanica acci\u00f3n de que dispondr\u00e1 la otra parte ser\u00e1 por incumplimiento de contrato de conformidad con lo dispuesto en las presentes Condiciones.<\/p>\n<p><\/br>NUESTRO DERECHO A MODIFICAR ESTAS CONDICIONES<\/p>\n<p>Tenemos derecho de revisar y modificar los presentes Condiciones en cualquier momento.<\/p>\n<p>Usted estar\u00e1 sujeto a las pol\u00edticas y Condiciones vigentes en el momento en que use la presente p\u00e1gina web o efect\u00fae cada pedido, salvo que por ley o decisi\u00f3n de organismos gubernamentales debamos hacer cambios con car\u00e1cter retroactivo en dichas pol\u00edticas, Condiciones o Declaraci\u00f3n de Privacidad, en cuyo caso, los posibles cambios afectar\u00e1n tambi\u00e9n a los pedidos que usted hubiera hecho previamente.<\/br><\/br><\/br><\/br><\/p>\n","protected":false},"excerpt":{"rendered":"<p>DISPONIBILIDAD DEL SERVICIO Los art\u00edculos que se ofrecen a trav\u00e9s de esta p\u00e1gina web est\u00e1n disponibles para su env\u00edo a territorio espa\u00f1ol. C\u00d3MO SE FORMALIZA EL CONTRATO La informaci\u00f3n contenida en las presentes Condiciones y los detalles contenidos en esta p\u00e1gina web no constituyen una&#8230;<\/p>\n","protected":false},"author":1,"featured_media":0,"parent":0,"menu_order":0,"comment_status":"closed","ping_status":"closed","template":"","meta":[],"_links":{"self":[{"href":"https:\/\/www.sanserif.es\/en\/wp-json\/wp\/v2\/pages\/8995"}],"collection":[{"href":"https:\/\/www.sanserif.es\/en\/wp-json\/wp\/v2\/pages"}],"about":[{"href":"https:\/\/www.sanserif.es\/en\/wp-json\/wp\/v2\/types\/page"}],"author":[{"embeddable":true,"href":"https:\/\/www.sanserif.es\/en\/wp-json\/wp\/v2\/users\/1"}],"replies":[{"embeddable":true,"href":"https:\/\/www.sanserif.es\/en\/wp-json\/wp\/v2\/comments?post=8995"}],"version-history":[{"count":3,"href":"https:\/\/www.sanserif.es\/en\/wp-json\/wp\/v2\/pages\/8995\/revisions"}],"predecessor-version":[{"id":9001,"href":"https:\/\/www.sanserif.es\/en\/wp-json\/wp\/v2\/pages\/8995\/revisions\/9001"}],"wp:attachment":[{"href":"https:\/\/www.sanserif.es\/en\/wp-json\/wp\/v2\/media?parent=8995"}],"curies":[{"name":"wp","href":"https:\/\/api.w.org\/{rel}","templated":true}]}}